{"id":1581,"date":"2023-01-28T10:44:15","date_gmt":"2023-01-28T10:44:15","guid":{"rendered":"https:\/\/www.folk-nuance.com\/scene\/"},"modified":"2026-02-20T08:56:32","modified_gmt":"2026-02-20T08:56:32","slug":"scene","status":"publish","type":"page","link":"https:\/\/www.folk-nuance.com\/sr\/scene\/","title":{"rendered":"Scene"},"content":{"rendered":"\t\t<div data-elementor-type=\"wp-page\" data-elementor-id=\"1581\" class=\"elementor elementor-1581 elementor-1552\" data-elementor-post-type=\"page\">\n\t\t\t\t\t\t<section class=\"elementor-section elementor-top-section elementor-element elementor-element-7fc4790 elementor-section-boxed elementor-section-height-default elementor-section-height-default\" data-id=\"7fc4790\" data-element_type=\"section\" data-e-type=\"section\" data-settings=\"{&quot;background_background&quot;:&quot;classic&quot;,&quot;shape_divider_bottom&quot;:&quot;mountains&quot;}\">\n\t\t\t\t\t\t\t<div class=\"elementor-background-overlay\"><\/div>\n\t\t\t\t\t\t<div class=\"elementor-shape elementor-shape-bottom\" aria-hidden=\"true\" data-negative=\"false\">\n\t\t\t<svg xmlns=\"http:\/\/www.w3.org\/2000\/svg\" viewBox=\"0 0 1000 100\" preserveAspectRatio=\"none\">\n\t<path class=\"elementor-shape-fill\" opacity=\"0.33\" d=\"M473,67.3c-203.9,88.3-263.1-34-320.3,0C66,119.1,0,59.7,0,59.7V0h1000v59.7 c0,0-62.1,26.1-94.9,29.3c-32.8,3.3-62.8-12.3-75.8-22.1C806,49.6,745.3,8.7,694.9,4.7S492.4,59,473,67.3z\"\/>\n\t<path class=\"elementor-shape-fill\" opacity=\"0.66\" d=\"M734,67.3c-45.5,0-77.2-23.2-129.1-39.1c-28.6-8.7-150.3-10.1-254,39.1 s-91.7-34.4-149.2,0C115.7,118.3,0,39.8,0,39.8V0h1000v36.5c0,0-28.2-18.5-92.1-18.5C810.2,18.1,775.7,67.3,734,67.3z\"\/>\n\t<path class=\"elementor-shape-fill\" d=\"M766.1,28.9c-200-57.5-266,65.5-395.1,19.5C242,1.8,242,5.4,184.8,20.6C128,35.8,132.3,44.9,89.9,52.5C28.6,63.7,0,0,0,0 h1000c0,0-9.9,40.9-83.6,48.1S829.6,47,766.1,28.9z\"\/>\n<\/svg>\t\t<\/div>\n\t\t\t\t\t<div class=\"elementor-container elementor-column-gap-default\">\n\t\t\t\t\t<div class=\"elementor-column elementor-col-100 elementor-top-column elementor-element elementor-element-9edf02a\" data-id=\"9edf02a\" data-element_type=\"column\" data-e-type=\"column\">\n\t\t\t<div class=\"elementor-widget-wrap elementor-element-populated\">\n\t\t\t\t\t\t<div class=\"elementor-element elementor-element-a094dd1 elementor-widget elementor-widget-heading\" data-id=\"a094dd1\" data-element_type=\"widget\" data-e-type=\"widget\" data-widget_type=\"heading.default\">\n\t\t\t\t<div class=\"elementor-widget-container\">\n\t\t\t\t\t<h1 class=\"elementor-heading-title elementor-size-default\">Scene za koncerte<\/h1>\t\t\t\t<\/div>\n\t\t\t\t<\/div>\n\t\t\t\t<div class=\"elementor-element elementor-element-ee47710 elementor-widget elementor-widget-heading\" data-id=\"ee47710\" data-element_type=\"widget\" data-e-type=\"widget\" data-widget_type=\"heading.default\">\n\t\t\t\t<div class=\"elementor-widget-container\">\n\t\t\t\t\t<h1 class=\"elementor-heading-title elementor-size-default\">\"Folk Nuance\" 2026<\/h1>\t\t\t\t<\/div>\n\t\t\t\t<\/div>\n\t\t\t\t\t<\/div>\n\t\t<\/div>\n\t\t\t\t\t<\/div>\n\t\t<\/section>\n\t\t\t\t<section class=\"elementor-section elementor-top-section elementor-element elementor-element-f9cdf82 elementor-section-full_width elementor-section-height-default elementor-section-height-default\" data-id=\"f9cdf82\" data-element_type=\"section\" data-e-type=\"section\" data-settings=\"{&quot;background_background&quot;:&quot;classic&quot;}\">\n\t\t\t\t\t\t<div class=\"elementor-container elementor-column-gap-default\">\n\t\t\t\t\t<div class=\"elementor-column elementor-col-100 elementor-top-column elementor-element elementor-element-db0eaac\" data-id=\"db0eaac\" data-element_type=\"column\" data-e-type=\"column\">\n\t\t\t<div class=\"elementor-widget-wrap elementor-element-populated\">\n\t\t\t\t\t\t<section class=\"elementor-section elementor-inner-section elementor-element elementor-element-02f070b elementor-section-full_width elementor-section-height-default elementor-section-height-default\" data-id=\"02f070b\" data-element_type=\"section\" data-e-type=\"section\">\n\t\t\t\t\t\t<div class=\"elementor-container elementor-column-gap-default\">\n\t\t\t\t\t<div class=\"elementor-column elementor-col-33 elementor-inner-column elementor-element elementor-element-cfe099f\" data-id=\"cfe099f\" data-element_type=\"column\" data-e-type=\"column\">\n\t\t\t<div class=\"elementor-widget-wrap elementor-element-populated\">\n\t\t\t\t\t\t<div class=\"elementor-element elementor-element-6c543aa elementor-widget elementor-widget-image\" data-id=\"6c543aa\" data-element_type=\"widget\" data-e-type=\"widget\" data-widget_type=\"image.default\">\n\t\t\t\t<div class=\"elementor-widget-container\">\n\t\t\t\t\t\t\t\t\t\t\t\t\t\t\t\t<a href=\"https:\/\/www.folk-nuance.com\/wp-content\/uploads\/2023\/09\/viber_image_2023-01-19_08-05-12-517.jpg\" data-elementor-open-lightbox=\"yes\" data-elementor-lightbox-title=\"viber_image_2023-01-19_08-05-12-517.jpg\" data-e-action-hash=\"#elementor-action%3Aaction%3Dlightbox%26settings%3DeyJpZCI6Mjk1MywidXJsIjoiaHR0cHM6XC9cL3d3dy5mb2xrLW51YW5jZS5jb21cL3dwLWNvbnRlbnRcL3VwbG9hZHNcLzIwMjNcLzA5XC92aWJlcl9pbWFnZV8yMDIzLTAxLTE5XzA4LTA1LTEyLTUxNy5qcGcifQ%3D%3D\">\n\t\t\t\t\t\t\t<img fetchpriority=\"high\" decoding=\"async\" width=\"1000\" height=\"750\" src=\"https:\/\/www.folk-nuance.com\/wp-content\/uploads\/2023\/09\/viber_image_2023-01-19_08-05-12-517.jpg\" class=\"attachment-large size-large wp-image-2953\" alt=\"\" srcset=\"https:\/\/www.folk-nuance.com\/wp-content\/uploads\/2023\/09\/viber_image_2023-01-19_08-05-12-517.jpg 1000w, https:\/\/www.folk-nuance.com\/wp-content\/uploads\/2023\/09\/viber_image_2023-01-19_08-05-12-517-300x225.jpg 300w, https:\/\/www.folk-nuance.com\/wp-content\/uploads\/2023\/09\/viber_image_2023-01-19_08-05-12-517-768x576.jpg 768w\" sizes=\"(max-width: 1000px) 100vw, 1000px\" \/>\t\t\t\t\t\t\t\t<\/a>\n\t\t\t\t\t\t\t\t\t\t\t\t\t\t\t<\/div>\n\t\t\t\t<\/div>\n\t\t\t\t<div class=\"elementor-element elementor-element-96ec4dd elementor-widget elementor-widget-heading\" data-id=\"96ec4dd\" data-element_type=\"widget\" data-e-type=\"widget\" data-widget_type=\"heading.default\">\n\t\t\t\t<div class=\"elementor-widget-container\">\n\t\t\t\t\t<h2 class=\"elementor-heading-title elementor-size-default\">AMFITEATAR NESEBAR<\/h2>\t\t\t\t<\/div>\n\t\t\t\t<\/div>\n\t\t\t\t\t<\/div>\n\t\t<\/div>\n\t\t\t\t<div class=\"elementor-column elementor-col-33 elementor-inner-column elementor-element elementor-element-07fae07\" data-id=\"07fae07\" data-element_type=\"column\" data-e-type=\"column\">\n\t\t\t<div class=\"elementor-widget-wrap elementor-element-populated\">\n\t\t\t\t\t\t<div class=\"elementor-element elementor-element-8132e5a elementor-widget elementor-widget-image\" data-id=\"8132e5a\" data-element_type=\"widget\" data-e-type=\"widget\" data-widget_type=\"image.default\">\n\t\t\t\t<div class=\"elementor-widget-container\">\n\t\t\t\t\t\t\t\t\t\t\t\t\t\t\t\t<a href=\"https:\/\/www.folk-nuance.com\/wp-content\/uploads\/2023\/09\/2dfa73568620047d474c9d9a21ef3ae5-1.jpg\" data-elementor-open-lightbox=\"yes\" data-elementor-lightbox-title=\"2dfa73568620047d474c9d9a21ef3ae5.jpg\" data-e-action-hash=\"#elementor-action%3Aaction%3Dlightbox%26settings%3DeyJpZCI6Mjk1NiwidXJsIjoiaHR0cHM6XC9cL3d3dy5mb2xrLW51YW5jZS5jb21cL3dwLWNvbnRlbnRcL3VwbG9hZHNcLzIwMjNcLzA5XC8yZGZhNzM1Njg2MjAwNDdkNDc0YzlkOWEyMWVmM2FlNS0xLmpwZyJ9\">\n\t\t\t\t\t\t\t<img decoding=\"async\" width=\"1000\" height=\"697\" src=\"https:\/\/www.folk-nuance.com\/wp-content\/uploads\/2023\/09\/2dfa73568620047d474c9d9a21ef3ae5-1.jpg\" class=\"attachment-large size-large wp-image-2956\" alt=\"\" srcset=\"https:\/\/www.folk-nuance.com\/wp-content\/uploads\/2023\/09\/2dfa73568620047d474c9d9a21ef3ae5-1.jpg 1000w, https:\/\/www.folk-nuance.com\/wp-content\/uploads\/2023\/09\/2dfa73568620047d474c9d9a21ef3ae5-1-300x209.jpg 300w, https:\/\/www.folk-nuance.com\/wp-content\/uploads\/2023\/09\/2dfa73568620047d474c9d9a21ef3ae5-1-768x535.jpg 768w\" sizes=\"(max-width: 1000px) 100vw, 1000px\" \/>\t\t\t\t\t\t\t\t<\/a>\n\t\t\t\t\t\t\t\t\t\t\t\t\t\t\t<\/div>\n\t\t\t\t<\/div>\n\t\t\t\t<div class=\"elementor-element elementor-element-3a985c5 elementor-widget elementor-widget-heading\" data-id=\"3a985c5\" data-element_type=\"widget\" data-e-type=\"widget\" data-widget_type=\"heading.default\">\n\t\t\t\t<div class=\"elementor-widget-container\">\n\t\t\t\t\t<h2 class=\"elementor-heading-title elementor-size-default\">ATRIUM CENTAR NESEBAR<\/h2>\t\t\t\t<\/div>\n\t\t\t\t<\/div>\n\t\t\t\t\t<\/div>\n\t\t<\/div>\n\t\t\t\t<div class=\"elementor-column elementor-col-33 elementor-inner-column elementor-element elementor-element-6fc196c\" data-id=\"6fc196c\" data-element_type=\"column\" data-e-type=\"column\">\n\t\t\t<div class=\"elementor-widget-wrap elementor-element-populated\">\n\t\t\t\t\t\t<div class=\"elementor-element elementor-element-e46fa9c elementor-widget elementor-widget-image\" data-id=\"e46fa9c\" data-element_type=\"widget\" data-e-type=\"widget\" data-widget_type=\"image.default\">\n\t\t\t\t<div class=\"elementor-widget-container\">\n\t\t\t\t\t\t\t\t\t\t\t\t\t\t\t\t<a href=\"https:\/\/www.folk-nuance.com\/wp-content\/uploads\/2025\/10\/viber_image_2025-10-09_18-20-24-489.jpg\" data-elementor-open-lightbox=\"yes\" data-elementor-lightbox-title=\"viber_image_2025-10-09_18-20-24-489\" data-e-action-hash=\"#elementor-action%3Aaction%3Dlightbox%26settings%3DeyJpZCI6ODk0MCwidXJsIjoiaHR0cHM6XC9cL3d3dy5mb2xrLW51YW5jZS5jb21cL3dwLWNvbnRlbnRcL3VwbG9hZHNcLzIwMjVcLzEwXC92aWJlcl9pbWFnZV8yMDI1LTEwLTA5XzE4LTIwLTI0LTQ4OS5qcGcifQ%3D%3D\">\n\t\t\t\t\t\t\t<img decoding=\"async\" width=\"1024\" height=\"682\" src=\"https:\/\/www.folk-nuance.com\/wp-content\/uploads\/2025\/10\/viber_image_2025-10-09_18-20-24-489-1024x682.jpg\" class=\"attachment-large size-large wp-image-8940\" alt=\"\" srcset=\"https:\/\/www.folk-nuance.com\/wp-content\/uploads\/2025\/10\/viber_image_2025-10-09_18-20-24-489-1024x682.jpg 1024w, https:\/\/www.folk-nuance.com\/wp-content\/uploads\/2025\/10\/viber_image_2025-10-09_18-20-24-489-300x200.jpg 300w, https:\/\/www.folk-nuance.com\/wp-content\/uploads\/2025\/10\/viber_image_2025-10-09_18-20-24-489-768x512.jpg 768w, https:\/\/www.folk-nuance.com\/wp-content\/uploads\/2025\/10\/viber_image_2025-10-09_18-20-24-489-1536x1023.jpg 1536w, https:\/\/www.folk-nuance.com\/wp-content\/uploads\/2025\/10\/elementor\/thumbs\/viber_image_2025-10-09_18-20-24-489-rcz1m8a0f9i9gyij0p0syvgai47ev2s6m9jjf0cta8.jpg 1200w, https:\/\/www.folk-nuance.com\/wp-content\/uploads\/2025\/10\/viber_image_2025-10-09_18-20-24-489.jpg 1600w\" sizes=\"(max-width: 1024px) 100vw, 1024px\" \/>\t\t\t\t\t\t\t\t<\/a>\n\t\t\t\t\t\t\t\t\t\t\t\t\t\t\t<\/div>\n\t\t\t\t<\/div>\n\t\t\t\t<div class=\"elementor-element elementor-element-0710a4f elementor-widget elementor-widget-heading\" data-id=\"0710a4f\" data-element_type=\"widget\" data-e-type=\"widget\" data-widget_type=\"heading.default\">\n\t\t\t\t<div class=\"elementor-widget-container\">\n\t\t\t\t\t<h2 class=\"elementor-heading-title elementor-size-default\">SCENA KITEN<\/h2>\t\t\t\t<\/div>\n\t\t\t\t<\/div>\n\t\t\t\t\t<\/div>\n\t\t<\/div>\n\t\t\t\t\t<\/div>\n\t\t<\/section>\n\t\t\t\t\t<\/div>\n\t\t<\/div>\n\t\t\t\t\t<\/div>\n\t\t<\/section>\n\t\t\t\t<section class=\"elementor-section elementor-top-section elementor-element elementor-element-0d1bb49 elementor-section-boxed elementor-section-height-default elementor-section-height-default\" data-id=\"0d1bb49\" data-element_type=\"section\" data-e-type=\"section\" data-settings=\"{&quot;background_background&quot;:&quot;classic&quot;}\">\n\t\t\t\t\t\t<div class=\"elementor-container elementor-column-gap-default\">\n\t\t\t\t\t<div class=\"elementor-column elementor-col-100 elementor-top-column elementor-element elementor-element-a85faa0\" data-id=\"a85faa0\" data-element_type=\"column\" data-e-type=\"column\">\n\t\t\t<div class=\"elementor-widget-wrap elementor-element-populated\">\n\t\t\t\t\t\t<div class=\"elementor-element elementor-element-4fa13a5 elementor-widget elementor-widget-text-editor\" data-id=\"4fa13a5\" data-element_type=\"widget\" data-e-type=\"widget\" data-widget_type=\"text-editor.default\">\n\t\t\t\t<div class=\"elementor-widget-container\">\n\t\t\t\t\t\t\t\t\t<div class=\"footer-widget-area widget-area site-footer-focus-item ast-footer-html-1\" data-section=\"section-fb-html-1\">\n<div class=\"ast-header-html inner-link-style-\">\n<div class=\"ast-builder-html-element\">\n<p style=\"text-align: center;\"><span style=\"color: #ffffff;\">REZERVACIJE &#8211; 30\u20ac po osobi! Navo\u0111enje broja telefona za povratne informacije je obavezno!<\/span><\/p>\n<p style=\"text-align: center;\"><span style=\"color: #ffffff;\">Viber i VhatsApp +359 877 955 945, +381 64 31 222 61, folknuance@gmail.com<\/span><\/p>\n<\/div>\n<\/div>\n<\/div>\t\t\t\t\t\t\t\t<\/div>\n\t\t\t\t<\/div>\n\t\t\t\t\t<\/div>\n\t\t<\/div>\n\t\t\t\t\t<\/div>\n\t\t<\/section>\n\t\t\t\t<section class=\"elementor-section elementor-top-section elementor-element elementor-element-10c23bd elementor-section-boxed elementor-section-height-default elementor-section-height-default\" data-id=\"10c23bd\" data-element_type=\"section\" data-e-type=\"section\" data-settings=\"{&quot;background_background&quot;:&quot;classic&quot;}\">\n\t\t\t\t\t\t<div class=\"elementor-container elementor-column-gap-default\">\n\t\t\t\t\t<div class=\"elementor-column elementor-col-33 elementor-top-column elementor-element elementor-element-8cb2057\" data-id=\"8cb2057\" data-element_type=\"column\" data-e-type=\"column\">\n\t\t\t<div class=\"elementor-widget-wrap elementor-element-populated\">\n\t\t\t\t\t\t<div class=\"elementor-element elementor-element-7128547 elementor-widget elementor-widget-heading\" data-id=\"7128547\" data-element_type=\"widget\" data-e-type=\"widget\" data-widget_type=\"heading.default\">\n\t\t\t\t<div class=\"elementor-widget-container\">\n\t\t\t\t\t<h2 class=\"elementor-heading-title elementor-size-default\">Festivali<\/h2>\t\t\t\t<\/div>\n\t\t\t\t<\/div>\n\t\t\t\t<div class=\"elementor-element elementor-element-1cdde51 elementor-widget elementor-widget-text-editor\" data-id=\"1cdde51\" data-element_type=\"widget\" data-e-type=\"widget\" data-widget_type=\"text-editor.default\">\n\t\t\t\t<div class=\"elementor-widget-container\">\n\t\t\t\t\t\t\t\t\t<p><a href=\"https:\/\/www.folk-nuance.com\/sr\/suncev-breg\/\">Sun\u010dev Breg<\/a><br \/><a href=\"https:\/\/www.folk-nuance.com\/sr\/%d0%bf%d1%80%d0%b8%d0%bc%d0%be%d1%80%d1%81%d0%ba%d0%be-%d0%ba%d0%b8%d1%82%d0%b5%d0%bd\/\">Kiten &#8211; Primorsko<\/a><br \/><a href=\"https:\/\/www.folk-nuance.com\/sr\/pamporovo\/\">Pamporovo<\/a><\/p>\t\t\t\t\t\t\t\t<\/div>\n\t\t\t\t<\/div>\n\t\t\t\t\t<\/div>\n\t\t<\/div>\n\t\t\t\t<div class=\"elementor-column elementor-col-33 elementor-top-column elementor-element elementor-element-6eeb3e7\" data-id=\"6eeb3e7\" data-element_type=\"column\" data-e-type=\"column\">\n\t\t\t<div class=\"elementor-widget-wrap elementor-element-populated\">\n\t\t\t\t\t\t<div class=\"elementor-element elementor-element-e2fc1df elementor-widget elementor-widget-heading\" data-id=\"e2fc1df\" data-element_type=\"widget\" data-e-type=\"widget\" data-widget_type=\"heading.default\">\n\t\t\t\t<div class=\"elementor-widget-container\">\n\t\t\t\t\t<h2 class=\"elementor-heading-title elementor-size-default\">Hoteli<\/h2>\t\t\t\t<\/div>\n\t\t\t\t<\/div>\n\t\t\t\t<div class=\"elementor-element elementor-element-b349418 elementor-widget elementor-widget-text-editor\" data-id=\"b349418\" data-element_type=\"widget\" data-e-type=\"widget\" data-widget_type=\"text-editor.default\">\n\t\t\t\t<div class=\"elementor-widget-container\">\n\t\t\t\t\t\t\t\t\t<p><a href=\"https:\/\/www.folk-nuance.com\/sr\/hotel-palaco-suncev-breg\/\">Hotel Palaco Sun\u010dev Breg<\/a><br \/><a href=\"https:\/\/www.folk-nuance.com\/sr\/hotel-balaton-suncev-breg\/\">Hotel Balaton Sun\u010dev Breg<\/a><br \/><a href=\"https:\/\/www.folk-nuance.com\/sr\/%d1%85%d0%be%d1%82%d0%b5%d0%bb-sunny-breeze-%d1%81%d0%bb%d1%8a%d0%bd%d1%87%d0%b5%d0%b2-%d0%b1%d1%80%d1%8f%d0%b3\/\">Hotel Sunny Breeze Sun\u010dev Breg<\/a><br \/><a href=\"https:\/\/www.folk-nuance.com\/sr\/hotel-koop-kiten\/\">Hotel COOP Kiten<\/a><\/p>\t\t\t\t\t\t\t\t<\/div>\n\t\t\t\t<\/div>\n\t\t\t\t\t<\/div>\n\t\t<\/div>\n\t\t\t\t<div class=\"elementor-column elementor-col-33 elementor-top-column elementor-element elementor-element-db6fe10\" data-id=\"db6fe10\" data-element_type=\"column\" data-e-type=\"column\">\n\t\t\t<div class=\"elementor-widget-wrap elementor-element-populated\">\n\t\t\t\t\t\t<div class=\"elementor-element elementor-element-64cf929 elementor-widget elementor-widget-heading\" data-id=\"64cf929\" data-element_type=\"widget\" data-e-type=\"widget\" data-widget_type=\"heading.default\">\n\t\t\t\t<div class=\"elementor-widget-container\">\n\t\t\t\t\t<h2 class=\"elementor-heading-title elementor-size-default\">Folk Nuance<\/h2>\t\t\t\t<\/div>\n\t\t\t\t<\/div>\n\t\t\t\t<div class=\"elementor-element elementor-element-097a7fe elementor-widget elementor-widget-text-editor\" data-id=\"097a7fe\" data-element_type=\"widget\" data-e-type=\"widget\" data-widget_type=\"text-editor.default\">\n\t\t\t\t<div class=\"elementor-widget-container\">\n\t\t\t\t\t\t\t\t\t<p><a href=\"https:\/\/www.folk-nuance.com\/sr\/o-nama\/\">O nama<\/a><br \/><a href=\"https:\/\/www.folk-nuance.com\/sr\/scene\/\">Scene<\/a><br \/><a href=\"https:\/\/www.folk-nuance.com\/sr\/rezervacije\/\">Rezervacije<\/a><br \/><a href=\"https:\/\/www.folk-nuance.com\/sr\/galerija\/\">Galerija<\/a><br \/><a href=\"https:\/\/www.folk-nuance.com\/sr\/kontakt\/\">Kontakt<\/a><\/p>\t\t\t\t\t\t\t\t<\/div>\n\t\t\t\t<\/div>\n\t\t\t\t\t<\/div>\n\t\t<\/div>\n\t\t\t\t\t<\/div>\n\t\t<\/section>\n\t\t\t\t<section class=\"elementor-section elementor-top-section elementor-element elementor-element-a1cb177 elementor-section-boxed elementor-section-height-default elementor-section-height-default\" data-id=\"a1cb177\" data-element_type=\"section\" data-e-type=\"section\" data-settings=\"{&quot;background_background&quot;:&quot;classic&quot;}\">\n\t\t\t\t\t\t<div class=\"elementor-container elementor-column-gap-default\">\n\t\t\t\t\t<div class=\"elementor-column elementor-col-100 elementor-top-column elementor-element elementor-element-ab994e1\" data-id=\"ab994e1\" data-element_type=\"column\" data-e-type=\"column\">\n\t\t\t<div class=\"elementor-widget-wrap elementor-element-populated\">\n\t\t\t\t\t\t<div class=\"elementor-element elementor-element-c7ab9c6 elementor-widget elementor-widget-text-editor\" data-id=\"c7ab9c6\" data-element_type=\"widget\" data-e-type=\"widget\" data-widget_type=\"text-editor.default\">\n\t\t\t\t<div class=\"elementor-widget-container\">\n\t\t\t\t\t\t\t\t\t<p><strong><a href=\"https:\/\/www.folk-nuance.com\/sr\/politika-privatnosti-i-saglasnosti-za-obradu-podataka\/\">GDPR <\/a><a href=\"https:\/\/www.folk-nuance.com\/sr\/opsti-uslovi\/\">\/ Op\u0161ti uslovi<\/a> <\/strong><\/p>\t\t\t\t\t\t\t\t<\/div>\n\t\t\t\t<\/div>\n\t\t\t\t\t<\/div>\n\t\t<\/div>\n\t\t\t\t\t<\/div>\n\t\t<\/section>\n\t\t\t\t<\/div>\n\t\t","protected":false},"excerpt":{"rendered":"<p>Scene za koncerte &#8222;Folk Nuance&#8220; 2026 AMFITEATAR NESEBAR ATRIUM CENTAR NESEBAR SCENA KITEN REZERVACIJE &#8211; 30\u20ac po osobi! Navo\u0111enje broja telefona za povratne informacije je obavezno! Viber i VhatsApp +359 877 955 945, +381 64 31 222 61, folknuance@gmail.com Festivali Sun\u010dev BregKiten &#8211; PrimorskoPamporovo Hoteli Hotel Palaco Sun\u010dev BregHotel Balaton Sun\u010dev BregHotel Sunny Breeze Sun\u010dev &hellip;<\/p>\n<p class=\"read-more\"> <a class=\"\" href=\"https:\/\/www.folk-nuance.com\/sr\/scene\/\"> <span class=\"screen-reader-text\">Scene<\/span> \u041f\u0440\u043e\u0447\u0438\u0442\u0430\u0458 \u0432\u0438\u0448\u0435 &raquo;<\/a><\/p>\n","protected":false},"author":1,"featured_media":0,"parent":0,"menu_order":0,"comment_status":"closed","ping_status":"closed","template":"","meta":{"site-sidebar-layout":"no-sidebar","site-content-layout":"page-builder","ast-site-content-layout":"","site-content-style":"default","site-sidebar-style":"default","ast-global-header-display":"","ast-banner-title-visibility":"","ast-main-header-display":"","ast-hfb-above-header-display":"","ast-hfb-below-header-display":"","ast-hfb-mobile-header-display":"","site-post-title":"disabled","ast-breadcrumbs-content":"","ast-featured-img":"disabled","footer-sml-layout":"","theme-transparent-header-meta":"enabled","adv-header-id-meta":"","stick-header-meta":"","header-above-stick-meta":"","header-main-stick-meta":"","header-below-stick-meta":"","astra-migrate-meta-layouts":"","footnotes":""},"class_list":["post-1581","page","type-page","status-publish","hentry"],"_links":{"self":[{"href":"https:\/\/www.folk-nuance.com\/sr\/wp-json\/wp\/v2\/pages\/1581"}],"collection":[{"href":"https:\/\/www.folk-nuance.com\/sr\/wp-json\/wp\/v2\/pages"}],"about":[{"href":"https:\/\/www.folk-nuance.com\/sr\/wp-json\/wp\/v2\/types\/page"}],"author":[{"embeddable":true,"href":"https:\/\/www.folk-nuance.com\/sr\/wp-json\/wp\/v2\/users\/1"}],"replies":[{"embeddable":true,"href":"https:\/\/www.folk-nuance.com\/sr\/wp-json\/wp\/v2\/comments?post=1581"}],"version-history":[{"count":39,"href":"https:\/\/www.folk-nuance.com\/sr\/wp-json\/wp\/v2\/pages\/1581\/revisions"}],"predecessor-version":[{"id":9757,"href":"https:\/\/www.folk-nuance.com\/sr\/wp-json\/wp\/v2\/pages\/1581\/revisions\/9757"}],"wp:attachment":[{"href":"https:\/\/www.folk-nuance.com\/sr\/wp-json\/wp\/v2\/media?parent=1581"}],"curies":[{"name":"wp","href":"https:\/\/api.w.org\/{rel}","templated":true}]}}