{"id":7937,"date":"2024-11-04T12:41:39","date_gmt":"2024-11-04T12:41:39","guid":{"rendered":"https:\/\/www.folk-nuance.com\/opsti-uslovi\/"},"modified":"2024-11-05T07:50:57","modified_gmt":"2024-11-05T07:50:57","slug":"opsti-uslovi","status":"publish","type":"page","link":"https:\/\/www.folk-nuance.com\/sr\/opsti-uslovi\/","title":{"rendered":"Op\u0161ti uslovi"},"content":{"rendered":"\t\t<div data-elementor-type=\"wp-page\" data-elementor-id=\"7937\" class=\"elementor elementor-7937 elementor-7822\" data-elementor-post-type=\"page\">\n\t\t\t\t\t\t<section class=\"elementor-section elementor-top-section elementor-element elementor-element-55f56ee0 elementor-section-boxed elementor-section-height-default elementor-section-height-default\" data-id=\"55f56ee0\" data-element_type=\"section\" data-e-type=\"section\" data-settings=\"{&quot;background_background&quot;:&quot;classic&quot;,&quot;shape_divider_bottom&quot;:&quot;mountains&quot;}\">\n\t\t\t\t\t\t\t<div class=\"elementor-background-overlay\"><\/div>\n\t\t\t\t\t\t<div class=\"elementor-shape elementor-shape-bottom\" aria-hidden=\"true\" data-negative=\"false\">\n\t\t\t<svg xmlns=\"http:\/\/www.w3.org\/2000\/svg\" viewBox=\"0 0 1000 100\" preserveAspectRatio=\"none\">\n\t<path class=\"elementor-shape-fill\" opacity=\"0.33\" d=\"M473,67.3c-203.9,88.3-263.1-34-320.3,0C66,119.1,0,59.7,0,59.7V0h1000v59.7 c0,0-62.1,26.1-94.9,29.3c-32.8,3.3-62.8-12.3-75.8-22.1C806,49.6,745.3,8.7,694.9,4.7S492.4,59,473,67.3z\"\/>\n\t<path class=\"elementor-shape-fill\" opacity=\"0.66\" d=\"M734,67.3c-45.5,0-77.2-23.2-129.1-39.1c-28.6-8.7-150.3-10.1-254,39.1 s-91.7-34.4-149.2,0C115.7,118.3,0,39.8,0,39.8V0h1000v36.5c0,0-28.2-18.5-92.1-18.5C810.2,18.1,775.7,67.3,734,67.3z\"\/>\n\t<path class=\"elementor-shape-fill\" d=\"M766.1,28.9c-200-57.5-266,65.5-395.1,19.5C242,1.8,242,5.4,184.8,20.6C128,35.8,132.3,44.9,89.9,52.5C28.6,63.7,0,0,0,0 h1000c0,0-9.9,40.9-83.6,48.1S829.6,47,766.1,28.9z\"\/>\n<\/svg>\t\t<\/div>\n\t\t\t\t\t<div class=\"elementor-container elementor-column-gap-default\">\n\t\t\t\t\t<div class=\"elementor-column elementor-col-100 elementor-top-column elementor-element elementor-element-65ae7205\" data-id=\"65ae7205\" data-element_type=\"column\" data-e-type=\"column\">\n\t\t\t<div class=\"elementor-widget-wrap elementor-element-populated\">\n\t\t\t\t\t\t<div class=\"elementor-element elementor-element-1494f2c9 elementor-widget elementor-widget-heading\" data-id=\"1494f2c9\" data-element_type=\"widget\" data-e-type=\"widget\" data-widget_type=\"heading.default\">\n\t\t\t\t<div class=\"elementor-widget-container\">\n\t\t\t\t\t<h1 class=\"elementor-heading-title elementor-size-default\">Op\u0161ti uslovi u\u010de\u0161\u0107a na Folk Nuance Festivalu<\/h1>\t\t\t\t<\/div>\n\t\t\t\t<\/div>\n\t\t\t\t\t<\/div>\n\t\t<\/div>\n\t\t\t\t\t<\/div>\n\t\t<\/section>\n\t\t\t\t<section class=\"elementor-section elementor-top-section elementor-element elementor-element-57e5434 elementor-section-boxed elementor-section-height-default elementor-section-height-default\" data-id=\"57e5434\" data-element_type=\"section\" data-e-type=\"section\" data-settings=\"{&quot;background_background&quot;:&quot;classic&quot;}\">\n\t\t\t\t\t\t<div class=\"elementor-container elementor-column-gap-default\">\n\t\t\t\t\t<div class=\"elementor-column elementor-col-100 elementor-top-column elementor-element elementor-element-67b03bb5\" data-id=\"67b03bb5\" data-element_type=\"column\" data-e-type=\"column\">\n\t\t\t<div class=\"elementor-widget-wrap elementor-element-populated\">\n\t\t\t\t\t\t<div class=\"elementor-element elementor-element-75b928f1 elementor-widget elementor-widget-text-editor\" data-id=\"75b928f1\" data-element_type=\"widget\" data-e-type=\"widget\" data-widget_type=\"text-editor.default\">\n\t\t\t\t<div class=\"elementor-widget-container\">\n\t\t\t\t\t\t\t\t\t<p><strong>1. Obim uslova<\/strong><\/p><p>Ovi op\u0161ti uslovi reguli\u0161u u\u010de\u0161c\u0301e na Folknuans festivalu. Registracijom za u\u010de\u0161c\u0301e, u\u010desnici se sla\u017eu da se odr\u017eavaju ovih uslova.<\/p><p><strong>2. Registracija i plac\u0301anje<\/strong><\/p><p>\u2022 U\u010desnici moraju da se registruju preko formulara na veb sajtu i da izvr\u0161e avansnu uplatu od 30 evra po osobi, \u0161to garantuje njihovo u\u010de\u0161c\u0301e na festivalu. <br \/>\u2022 Kona\u010dan iznos za u\u010de\u0161c\u0301e plac\u0301a se direktno u hotelu pri sme\u0161taju. <br \/>\u2022 U slu\u010daju otkazivanja u\u010denja, avansna uplata se ne vrac\u0301a.<\/p><p><strong>3. Pravila za otkazivanje i izmene<\/strong> <br \/>\u2022 U\u010desnici mogu otkazati svoje u\u010de\u0161c\u0301e obave\u0161tavajuc\u0301i organizatore najkasnije 14 dana pre po\u010detka festivala.<br \/>\u2022 Ako se otkazuje desi posle navedenog roka, uplata se ne vrac\u0301a. <br \/>\u2022 Organizatori zadr\u017eavaju pravo da po potrebi naprave promene u programu festivala.<\/p><p><strong>4. Odgovornosti u\u010desnika<\/strong> <br \/>\u2022 U\u010desnici su du\u017eni da prate program festivala i da obaveste organizatore u slu\u010daju ka\u0161njenja ili propu\u0161tanja doga\u0111aja. <br \/>\u2022 Svi u\u010desnici su du\u017eni da pri registraciji pru\u017ee ta\u010dne i aktuelne informacije.<\/p><p><strong>5. Za\u0161tita li\u010dnih podataka<\/strong> <br \/>\u2022 Li\u010dni podaci koji u\u010desnici pru\u017eaju bic\u0301e obra\u0111ivani u skladu sa GDPR, kako je opisano u na\u0161oj Politici privatnosti.<\/p><p><strong>6. Pravila pona\u0161anja<\/strong> <br \/>\u2022 Od u\u010desnika se o\u010dekuje da se pona\u0161aju sa po\u0161tovanjem prema drugim u\u010desnicima i osoblju. <br \/>\u2022 Organizatori imaju pravo da isklju\u010duju bilo kog u\u010desnika sa festivala zbog kr\u0161enja pravila pona\u0161anja.<\/p><p><strong>7. Ograni\u010denje odgovornosti<\/strong> <br \/>\u2022 Organizatori nesnose odgovornosti za li\u010dne stvari koje su izgubljene ili o\u0161tec\u0301ene tokom festivala. <br \/>\u2022 Organizatori nisu odgovorni za incidente ili povrede koje se dogode tokom festivala, osim ako nije prikazano njihovo direktno nemarno predstavljanje. <\/p><p><strong>8. Zavr\u0161ne odredbe<\/strong> <br \/>\u2022 Pitanja vezana za uslove u\u010de\u0161c\u0301a mogu se uputiti organizatorima putem navedenih kontaktnih podataka.<\/p><p><strong> 9. Promene u op\u0161tim uslovima<\/strong><br \/>\u2022 Organizatori zadr\u017eavaju pravo da u bilo koje vreme naprave izmene u op\u0161tim uslovima. U\u010desnici c\u0301e biti obave\u0161teni o svakoj promeni u dovoljnom roku pre njenog stupanja na snagu.<\/p>\t\t\t\t\t\t\t\t<\/div>\n\t\t\t\t<\/div>\n\t\t\t\t\t<\/div>\n\t\t<\/div>\n\t\t\t\t\t<\/div>\n\t\t<\/section>\n\t\t\t\t<section class=\"elementor-section elementor-top-section elementor-element elementor-element-65c7db4c elementor-section-boxed elementor-section-height-default elementor-section-height-default\" data-id=\"65c7db4c\" data-element_type=\"section\" data-e-type=\"section\">\n\t\t\t\t\t\t<div class=\"elementor-container elementor-column-gap-default\">\n\t\t\t\t\t<div class=\"elementor-column elementor-col-100 elementor-top-column elementor-element elementor-element-4655bdeb\" data-id=\"4655bdeb\" data-element_type=\"column\" data-e-type=\"column\">\n\t\t\t<div class=\"elementor-widget-wrap\">\n\t\t\t\t\t\t\t<\/div>\n\t\t<\/div>\n\t\t\t\t\t<\/div>\n\t\t<\/section>\n\t\t\t\t<section class=\"elementor-section elementor-top-section elementor-element elementor-element-21e5be45 elementor-section-boxed elementor-section-height-default elementor-section-height-default\" data-id=\"21e5be45\" data-element_type=\"section\" data-e-type=\"section\" data-settings=\"{&quot;background_background&quot;:&quot;classic&quot;}\">\n\t\t\t\t\t\t<div class=\"elementor-container elementor-column-gap-default\">\n\t\t\t\t\t<div class=\"elementor-column elementor-col-100 elementor-top-column elementor-element elementor-element-3daf43eb\" data-id=\"3daf43eb\" data-element_type=\"column\" data-e-type=\"column\">\n\t\t\t<div class=\"elementor-widget-wrap elementor-element-populated\">\n\t\t\t\t\t\t<div class=\"elementor-element elementor-element-524a16e5 elementor-widget elementor-widget-text-editor\" data-id=\"524a16e5\" data-element_type=\"widget\" data-e-type=\"widget\" data-widget_type=\"text-editor.default\">\n\t\t\t\t<div class=\"elementor-widget-container\">\n\t\t\t\t\t\t\t\t\t<div class=\"footer-widget-area widget-area site-footer-focus-item ast-footer-html-1\" data-section=\"section-fb-html-1\">\n<div class=\"ast-header-html inner-link-style-\">\n<div class=\"ast-builder-html-element\">\n<p><span style=\"color: #ffffff;\">REZERVACIJE I Avans \u2013 20\u20ac po osobi! Navo\u0111enje broja telefona za povratne informacije je obavezno!<\/span><\/p>\n<p><span style=\"color: #ffffff;\">Viber i WhatsApp +359 877 955 945, +381 64 31 222 61, folknuance@gmail.com<\/span><\/p>\n<\/div>\n<\/div>\n<\/div>\n\t\t\t\t\t\t\t\t<\/div>\n\t\t\t\t<\/div>\n\t\t\t\t\t<\/div>\n\t\t<\/div>\n\t\t\t\t\t<\/div>\n\t\t<\/section>\n\t\t\t\t<section class=\"elementor-section elementor-top-section elementor-element elementor-element-57c4687 elementor-section-boxed elementor-section-height-default elementor-section-height-default\" data-id=\"57c4687\" data-element_type=\"section\" data-e-type=\"section\" data-settings=\"{&quot;background_background&quot;:&quot;classic&quot;}\">\n\t\t\t\t\t\t<div class=\"elementor-container elementor-column-gap-default\">\n\t\t\t\t\t<div class=\"elementor-column elementor-col-33 elementor-top-column elementor-element elementor-element-71008255\" data-id=\"71008255\" data-element_type=\"column\" data-e-type=\"column\">\n\t\t\t<div class=\"elementor-widget-wrap elementor-element-populated\">\n\t\t\t\t\t\t<div class=\"elementor-element elementor-element-77cae3d8 elementor-widget elementor-widget-heading\" data-id=\"77cae3d8\" data-element_type=\"widget\" data-e-type=\"widget\" data-widget_type=\"heading.default\">\n\t\t\t\t<div class=\"elementor-widget-container\">\n\t\t\t\t\t<h2 class=\"elementor-heading-title elementor-size-default\">Festivali<\/h2>\t\t\t\t<\/div>\n\t\t\t\t<\/div>\n\t\t\t\t<div class=\"elementor-element elementor-element-54ba1376 elementor-widget elementor-widget-text-editor\" data-id=\"54ba1376\" data-element_type=\"widget\" data-e-type=\"widget\" data-widget_type=\"text-editor.default\">\n\t\t\t\t<div class=\"elementor-widget-container\">\n\t\t\t\t\t\t\t\t\t<p><a href=\"https:\/\/www.folk-nuance.com\/%d1%81%d0%bb%d1%8a%d0%bd%d1%87%d0%b5%d0%b2-%d0%b1%d1%80%d1%8f%d0%b3\/\">\u0421\u043b\u044a\u043d\u0447\u0435\u0432 \u0431\u0440\u044f\u0433<\/a><br \/><a href=\"https:\/\/www.folk-nuance.com\/sr\/%d0%bf%d1%80%d0%b8%d0%bc%d0%be%d1%80%d1%81%d0%ba%d0%be-%d0%ba%d0%b8%d1%82%d0%b5%d0%bd\/\">\u041f\u0440\u0438\u043c\u043e\u0440\u0441\u043a\u043e \u2013 \u041a\u0438\u0442\u0435\u043d<\/a><br \/><a href=\"https:\/\/www.folk-nuance.com\/sr\/pamporovo\/\">\u041f\u0430\u043c\u043f\u043e\u0440\u043e\u0432\u043e<\/a><\/p>\n\t\t\t\t\t\t\t\t<\/div>\n\t\t\t\t<\/div>\n\t\t\t\t\t<\/div>\n\t\t<\/div>\n\t\t\t\t<div class=\"elementor-column elementor-col-33 elementor-top-column elementor-element elementor-element-1c283dbe\" data-id=\"1c283dbe\" data-element_type=\"column\" data-e-type=\"column\">\n\t\t\t<div class=\"elementor-widget-wrap elementor-element-populated\">\n\t\t\t\t\t\t<div class=\"elementor-element elementor-element-762d53aa elementor-widget elementor-widget-heading\" data-id=\"762d53aa\" data-element_type=\"widget\" data-e-type=\"widget\" data-widget_type=\"heading.default\">\n\t\t\t\t<div class=\"elementor-widget-container\">\n\t\t\t\t\t<h2 class=\"elementor-heading-title elementor-size-default\">\u0425\u043e\u0442\u0435\u043b\u0438<\/h2>\t\t\t\t<\/div>\n\t\t\t\t<\/div>\n\t\t\t\t<div class=\"elementor-element elementor-element-1fbe6bf1 elementor-widget elementor-widget-text-editor\" data-id=\"1fbe6bf1\" data-element_type=\"widget\" data-e-type=\"widget\" data-widget_type=\"text-editor.default\">\n\t\t\t\t<div class=\"elementor-widget-container\">\n\t\t\t\t\t\t\t\t\t<p><a href=\"https:\/\/www.folk-nuance.com\/sr\/hotel-balaton-suncev-breg\/\">\u0425\u043e\u0442\u0435\u043b \u0411\u0430\u043b\u0430\u0442\u043e\u043d \u0421\u043b\u044a\u043d\u0447\u0435\u0432 \u0431\u0440\u044f\u0433<\/a><br \/><a href=\"https:\/\/www.folk-nuance.com\/sr\/hotel-sofia-kiten\/\">\u0425\u043e\u0442\u0435\u043b \u0421\u043e\u0444\u0438\u044f \u041a\u0438\u0442\u0435\u043d<\/a><br \/><a href=\"https:\/\/www.folk-nuance.com\/hotel-koop-kiten\/\">\u0425\u043e\u0442\u0435\u043b \u041a\u041e\u041e\u041f \u041a\u0438\u0442\u0435\u043d<\/a><br \/><a href=\"https:\/\/www.folk-nuance.com\/sr\/hotel-kamenec-nesebar\/\">\u0425\u043e\u0442\u0435\u043b \u041a\u0430\u043c\u0435\u043d\u0435\u0446 \u041d\u0435\u0441\u0435\u0431\u044a\u0440<\/a><br \/><a href=\"https:\/\/www.folk-nuance.com\/sr\/hotel-kremikovci-kiten\/\">\u0425\u043e\u0442\u0435\u043b \u041a\u0440\u0435\u043c\u0438\u043a\u043e\u0432\u0446\u0438 \u041a\u0438\u0442\u0435\u043d<\/a><br \/><a href=\"https:\/\/www.folk-nuance.com\/sr\/hotel-kotva-suncev-breg\/\">\u0425\u043e\u0442\u0435\u043b \u041a\u043e\u0442\u0432\u0430 \u0421\u043b\u044a\u043d\u0447\u0435\u0432 \u0431\u0440\u044f\u0433<\/a><\/p>\n\t\t\t\t\t\t\t\t<\/div>\n\t\t\t\t<\/div>\n\t\t\t\t\t<\/div>\n\t\t<\/div>\n\t\t\t\t<div class=\"elementor-column elementor-col-33 elementor-top-column elementor-element elementor-element-1e30c4d4\" data-id=\"1e30c4d4\" data-element_type=\"column\" data-e-type=\"column\">\n\t\t\t<div class=\"elementor-widget-wrap elementor-element-populated\">\n\t\t\t\t\t\t<div class=\"elementor-element elementor-element-72dd5401 elementor-widget elementor-widget-heading\" data-id=\"72dd5401\" data-element_type=\"widget\" data-e-type=\"widget\" data-widget_type=\"heading.default\">\n\t\t\t\t<div class=\"elementor-widget-container\">\n\t\t\t\t\t<h2 class=\"elementor-heading-title elementor-size-default\">Folk Nuance<\/h2>\t\t\t\t<\/div>\n\t\t\t\t<\/div>\n\t\t\t\t<div class=\"elementor-element elementor-element-53981e71 elementor-widget elementor-widget-text-editor\" data-id=\"53981e71\" data-element_type=\"widget\" data-e-type=\"widget\" data-widget_type=\"text-editor.default\">\n\t\t\t\t<div class=\"elementor-widget-container\">\n\t\t\t\t\t\t\t\t\t<p><a href=\"https:\/\/www.folk-nuance.com\/bg\/?page_id=1103\">\u0417\u0430 \u043d\u0430\u0441<\/a><br \/><a href=\"https:\/\/www.folk-nuance.com\/sr\/scene\/\">\u0421\u0446\u0435\u043d\u0438<\/a><br \/><a href=\"https:\/\/www.folk-nuance.com\/sr\/rezervacije\/\">\u0420\u0435\u0437\u0435\u0440\u0432\u0430\u0446\u0438\u0438<\/a><br \/><a href=\"https:\/\/www.folk-nuance.com\/sr\/kontakt\/\">\u041a\u043e\u043d\u0442\u0430\u043a\u0442<\/a><\/p>\n\t\t\t\t\t\t\t\t<\/div>\n\t\t\t\t<\/div>\n\t\t\t\t\t<\/div>\n\t\t<\/div>\n\t\t\t\t\t<\/div>\n\t\t<\/section>\n\t\t\t\t<section class=\"elementor-section elementor-top-section elementor-element elementor-element-25aae3c elementor-section-boxed elementor-section-height-default elementor-section-height-default\" data-id=\"25aae3c\" data-element_type=\"section\" data-e-type=\"section\" data-settings=\"{&quot;background_background&quot;:&quot;classic&quot;}\">\n\t\t\t\t\t\t<div class=\"elementor-container elementor-column-gap-default\">\n\t\t\t\t\t<div class=\"elementor-column elementor-col-100 elementor-top-column elementor-element elementor-element-45a0650\" data-id=\"45a0650\" data-element_type=\"column\" data-e-type=\"column\">\n\t\t\t<div class=\"elementor-widget-wrap elementor-element-populated\">\n\t\t\t\t\t\t<div class=\"elementor-element elementor-element-bd20103 elementor-widget elementor-widget-text-editor\" data-id=\"bd20103\" data-element_type=\"widget\" data-e-type=\"widget\" data-widget_type=\"text-editor.default\">\n\t\t\t\t<div class=\"elementor-widget-container\">\n\t\t\t\t\t\t\t\t\t<p><strong><a href=\"https:\/\/www.folk-nuance.com\/sr\/politika-privatnosti-i-saglasnosti-za-obradu-podataka\/\">GDPR <\/a><a href=\"https:\/\/www.folk-nuance.com\/sr\/opsti-uslovi\/\">\/ \u041e\u0431\u0449\u0438 \u0443\u0441\u043b\u043e\u0432\u0438\u044f<\/a> <\/strong><\/p>\t\t\t\t\t\t\t\t<\/div>\n\t\t\t\t<\/div>\n\t\t\t\t\t<\/div>\n\t\t<\/div>\n\t\t\t\t\t<\/div>\n\t\t<\/section>\n\t\t\t\t<\/div>\n\t\t","protected":false},"excerpt":{"rendered":"<p>Op\u0161ti uslovi u\u010de\u0161\u0107a na Folk Nuance Festivalu 1. Obim uslova Ovi op\u0161ti uslovi reguli\u0161u u\u010de\u0161c\u0301e na Folknuans festivalu. Registracijom za u\u010de\u0161c\u0301e, u\u010desnici se sla\u017eu da se odr\u017eavaju ovih uslova. 2. Registracija i plac\u0301anje \u2022 U\u010desnici moraju da se registruju preko formulara na veb sajtu i da izvr\u0161e avansnu uplatu od 30 evra po osobi, \u0161to &hellip;<\/p>\n<p class=\"read-more\"> <a class=\"\" href=\"https:\/\/www.folk-nuance.com\/sr\/opsti-uslovi\/\"> <span class=\"screen-reader-text\">Op\u0161ti uslovi<\/span> \u041f\u0440\u043e\u0447\u0438\u0442\u0430\u0458 \u0432\u0438\u0448\u0435 &raquo;<\/a><\/p>\n","protected":false},"author":1,"featured_media":0,"parent":0,"menu_order":0,"comment_status":"closed","ping_status":"closed","template":"","meta":{"site-sidebar-layout":"no-sidebar","site-content-layout":"page-builder","ast-site-content-layout":"full-width-container","site-content-style":"unboxed","site-sidebar-style":"unboxed","ast-global-header-display":"","ast-banner-title-visibility":"","ast-main-header-display":"","ast-hfb-above-header-display":"","ast-hfb-below-header-display":"","ast-hfb-mobile-header-display":"","site-post-title":"disabled","ast-breadcrumbs-content":"","ast-featured-img":"disabled","footer-sml-layout":"","theme-transparent-header-meta":"enabled","adv-header-id-meta":"","stick-header-meta":"","header-above-stick-meta":"","header-main-stick-meta":"","header-below-stick-meta":"","astra-migrate-meta-layouts":"","footnotes":""},"class_list":["post-7937","page","type-page","status-publish","hentry"],"_links":{"self":[{"href":"https:\/\/www.folk-nuance.com\/sr\/wp-json\/wp\/v2\/pages\/7937"}],"collection":[{"href":"https:\/\/www.folk-nuance.com\/sr\/wp-json\/wp\/v2\/pages"}],"about":[{"href":"https:\/\/www.folk-nuance.com\/sr\/wp-json\/wp\/v2\/types\/page"}],"author":[{"embeddable":true,"href":"https:\/\/www.folk-nuance.com\/sr\/wp-json\/wp\/v2\/users\/1"}],"replies":[{"embeddable":true,"href":"https:\/\/www.folk-nuance.com\/sr\/wp-json\/wp\/v2\/comments?post=7937"}],"version-history":[{"count":7,"href":"https:\/\/www.folk-nuance.com\/sr\/wp-json\/wp\/v2\/pages\/7937\/revisions"}],"predecessor-version":[{"id":7953,"href":"https:\/\/www.folk-nuance.com\/sr\/wp-json\/wp\/v2\/pages\/7937\/revisions\/7953"}],"wp:attachment":[{"href":"https:\/\/www.folk-nuance.com\/sr\/wp-json\/wp\/v2\/media?parent=7937"}],"curies":[{"name":"wp","href":"https:\/\/api.w.org\/{rel}","templated":true}]}}