{"id":7939,"date":"2024-11-02T17:28:42","date_gmt":"2024-11-02T17:28:42","guid":{"rendered":"https:\/\/www.folk-nuance.com\/%d0%bf%d0%be%d0%bb%d0%b8%d1%82%d0%b8%d0%ba%d0%b0-%d0%b7%d0%b0-%d0%bf%d0%be%d0%b2%d0%b5%d1%80%d0%b8%d1%82%d0%b5%d0%bb%d0%bd%d0%be%d1%81%d1%82-%d0%b8-%d1%81%d1%8a%d0%b3%d0%bb%d0%b0%d1%81%d0%b8%d0%b5\/"},"modified":"2024-11-05T07:50:24","modified_gmt":"2024-11-05T07:50:24","slug":"politika-privatnosti-i-saglasnosti-za-obradu-podataka","status":"publish","type":"page","link":"https:\/\/www.folk-nuance.com\/sr\/politika-privatnosti-i-saglasnosti-za-obradu-podataka\/","title":{"rendered":"Politika privatnosti i saglasnosti za obradu podataka"},"content":{"rendered":"\t\t<div data-elementor-type=\"wp-page\" data-elementor-id=\"7939\" class=\"elementor elementor-7939 elementor-7787\" data-elementor-post-type=\"page\">\n\t\t\t\t\t\t<section class=\"elementor-section elementor-top-section elementor-element elementor-element-2157318b elementor-section-boxed elementor-section-height-default elementor-section-height-default\" data-id=\"2157318b\" data-element_type=\"section\" data-e-type=\"section\" data-settings=\"{&quot;background_background&quot;:&quot;classic&quot;,&quot;shape_divider_bottom&quot;:&quot;mountains&quot;}\">\n\t\t\t\t\t\t\t<div class=\"elementor-background-overlay\"><\/div>\n\t\t\t\t\t\t<div class=\"elementor-shape elementor-shape-bottom\" aria-hidden=\"true\" data-negative=\"false\">\n\t\t\t<svg xmlns=\"http:\/\/www.w3.org\/2000\/svg\" viewBox=\"0 0 1000 100\" preserveAspectRatio=\"none\">\n\t<path class=\"elementor-shape-fill\" opacity=\"0.33\" d=\"M473,67.3c-203.9,88.3-263.1-34-320.3,0C66,119.1,0,59.7,0,59.7V0h1000v59.7 c0,0-62.1,26.1-94.9,29.3c-32.8,3.3-62.8-12.3-75.8-22.1C806,49.6,745.3,8.7,694.9,4.7S492.4,59,473,67.3z\"\/>\n\t<path class=\"elementor-shape-fill\" opacity=\"0.66\" d=\"M734,67.3c-45.5,0-77.2-23.2-129.1-39.1c-28.6-8.7-150.3-10.1-254,39.1 s-91.7-34.4-149.2,0C115.7,118.3,0,39.8,0,39.8V0h1000v36.5c0,0-28.2-18.5-92.1-18.5C810.2,18.1,775.7,67.3,734,67.3z\"\/>\n\t<path class=\"elementor-shape-fill\" d=\"M766.1,28.9c-200-57.5-266,65.5-395.1,19.5C242,1.8,242,5.4,184.8,20.6C128,35.8,132.3,44.9,89.9,52.5C28.6,63.7,0,0,0,0 h1000c0,0-9.9,40.9-83.6,48.1S829.6,47,766.1,28.9z\"\/>\n<\/svg>\t\t<\/div>\n\t\t\t\t\t<div class=\"elementor-container elementor-column-gap-default\">\n\t\t\t\t\t<div class=\"elementor-column elementor-col-100 elementor-top-column elementor-element elementor-element-715c0ad2\" data-id=\"715c0ad2\" data-element_type=\"column\" data-e-type=\"column\">\n\t\t\t<div class=\"elementor-widget-wrap elementor-element-populated\">\n\t\t\t\t\t\t<div class=\"elementor-element elementor-element-1ae4cdee elementor-widget elementor-widget-heading\" data-id=\"1ae4cdee\" data-element_type=\"widget\" data-e-type=\"widget\" data-widget_type=\"heading.default\">\n\t\t\t\t<div class=\"elementor-widget-container\">\n\t\t\t\t\t<h1 class=\"elementor-heading-title elementor-size-default\">Politika privatnosti i saglasnosti za obradu podataka<\/h1>\t\t\t\t<\/div>\n\t\t\t\t<\/div>\n\t\t\t\t\t<\/div>\n\t\t<\/div>\n\t\t\t\t\t<\/div>\n\t\t<\/section>\n\t\t\t\t<section class=\"elementor-section elementor-top-section elementor-element elementor-element-8ab92d8 elementor-section-boxed elementor-section-height-default elementor-section-height-default\" data-id=\"8ab92d8\" data-element_type=\"section\" data-e-type=\"section\" data-settings=\"{&quot;background_background&quot;:&quot;classic&quot;}\">\n\t\t\t\t\t\t<div class=\"elementor-container elementor-column-gap-default\">\n\t\t\t\t\t<div class=\"elementor-column elementor-col-100 elementor-top-column elementor-element elementor-element-25a3d1a\" data-id=\"25a3d1a\" data-element_type=\"column\" data-e-type=\"column\">\n\t\t\t<div class=\"elementor-widget-wrap elementor-element-populated\">\n\t\t\t\t\t\t<div class=\"elementor-element elementor-element-3ab393c elementor-widget elementor-widget-text-editor\" data-id=\"3ab393c\" data-element_type=\"widget\" data-e-type=\"widget\" data-widget_type=\"text-editor.default\">\n\t\t\t\t<div class=\"elementor-widget-container\">\n\t\t\t\t\t\t\t\t\t<p>Da bi smo obezbedili va\u0161e u\u010de\u0161c\u0301e na Folknuans festivalu i pobolj\u0161ali organizaciju, prikupili smo sledec\u0301e li\u010dne podatke: ime grupe, telefonski broj i grad u\u010desnika. Ovi podaci se prikupljaju i koriste u svr\u0161etku rezervacije i fakturisanja.\u00a0<\/p><p>Podaci se obra\u0111uju onlajn i dele se samo sa hotelima i drugim partnerima uklju\u010denim u organizaciju festivala kako bismo obezbedili va\u0161 sme\u0161taj i u\u010de\u0161c\u0301e. Sve trec\u0301e strane sa kojima delimo va\u0161e podatke obavezuju se da \u0161tite njihovu poverenost u skladu sa GDPR.\u00a0<\/p><p><strong>Va\u0161a prava:<\/strong> <br \/><strong>\u2022 Pravo na pristup<\/strong> &#8211; U svakom trenutku mo\u017eete tra\u017eiti informacije o li\u010dnim podacima koje \u010duvamo o vama. <br \/><strong>\u2022 Pravo na ispravku<\/strong> &#8211; Imate pravo da tra\u017eite ispravku neta\u010dnih ili nepotpunih podataka. <br \/><strong>\u2022 Pravo na brisanje<\/strong> &#8211; Mo\u017eete tra\u017eiti brisanje li\u010dnih podataka ako smatrate da nisu potrebni za izvr\u0161enje za koje su prikupljeni. <br \/><strong>\u2022 Pravo na protivljenje<\/strong> &#8211; Imate pravo da u svakom trenutku povu\u010dete svoju saglasnost za obradu podataka.\u00a0<\/p><p>Da biste ostvarili svoja prava ili ako imate pitanja u vezi sa obradom va\u0161 ih li\u010dnih podataka, kontaktirajte nas na: [imejl] ili [broj telefona].<\/p><p><strong>Va\u017eno:<\/strong> Davanje saglasnosti je dobro ali neophodno za u\u010de\u0161c\u0301e na festivalu. Va\u0161a saglasnost mo\u017ee biti povu\u010dena u bilo kom trenutku, \u0161to nec\u0301e uticati na zakonitost obrade bazirane na saglasnosti pre njenog povla\u010denja.<\/p>\t\t\t\t\t\t\t\t<\/div>\n\t\t\t\t<\/div>\n\t\t\t\t\t<\/div>\n\t\t<\/div>\n\t\t\t\t\t<\/div>\n\t\t<\/section>\n\t\t\t\t<section class=\"elementor-section elementor-top-section elementor-element elementor-element-4b1117d elementor-section-boxed elementor-section-height-default elementor-section-height-default\" data-id=\"4b1117d\" data-element_type=\"section\" data-e-type=\"section\">\n\t\t\t\t\t\t<div class=\"elementor-container elementor-column-gap-default\">\n\t\t\t\t\t<div class=\"elementor-column elementor-col-100 elementor-top-column elementor-element elementor-element-4ac517a\" data-id=\"4ac517a\" data-element_type=\"column\" data-e-type=\"column\">\n\t\t\t<div class=\"elementor-widget-wrap\">\n\t\t\t\t\t\t\t<\/div>\n\t\t<\/div>\n\t\t\t\t\t<\/div>\n\t\t<\/section>\n\t\t\t\t<section class=\"elementor-section elementor-top-section elementor-element elementor-element-6159d361 elementor-section-boxed elementor-section-height-default elementor-section-height-default\" data-id=\"6159d361\" data-element_type=\"section\" data-e-type=\"section\" data-settings=\"{&quot;background_background&quot;:&quot;classic&quot;}\">\n\t\t\t\t\t\t<div class=\"elementor-container elementor-column-gap-default\">\n\t\t\t\t\t<div class=\"elementor-column elementor-col-100 elementor-top-column elementor-element elementor-element-566a7415\" data-id=\"566a7415\" data-element_type=\"column\" data-e-type=\"column\">\n\t\t\t<div class=\"elementor-widget-wrap elementor-element-populated\">\n\t\t\t\t\t\t<div class=\"elementor-element elementor-element-62b6d223 elementor-widget elementor-widget-text-editor\" data-id=\"62b6d223\" data-element_type=\"widget\" data-e-type=\"widget\" data-widget_type=\"text-editor.default\">\n\t\t\t\t<div class=\"elementor-widget-container\">\n\t\t\t\t\t\t\t\t\t<div class=\"footer-widget-area widget-area site-footer-focus-item ast-footer-html-1\" data-section=\"section-fb-html-1\">\n<div class=\"ast-header-html inner-link-style-\">\n<div class=\"ast-builder-html-element\">\n<p><span style=\"color: #ffffff;\">REZERVACIJE I Avans \u2013 20\u20ac po osobi! Navo\u0111enje broja telefona za povratne informacije je obavezno!<\/span><\/p>\n<p><span style=\"color: #ffffff;\">Viber i WhatsApp +359 877 955 945, +381 64 31 222 61, folknuance@gmail.com<\/span><\/p>\n<\/div>\n<\/div>\n<\/div>\n\t\t\t\t\t\t\t\t<\/div>\n\t\t\t\t<\/div>\n\t\t\t\t\t<\/div>\n\t\t<\/div>\n\t\t\t\t\t<\/div>\n\t\t<\/section>\n\t\t\t\t<section class=\"elementor-section elementor-top-section elementor-element elementor-element-1f931fb5 elementor-section-boxed elementor-section-height-default elementor-section-height-default\" data-id=\"1f931fb5\" data-element_type=\"section\" data-e-type=\"section\" data-settings=\"{&quot;background_background&quot;:&quot;classic&quot;}\">\n\t\t\t\t\t\t<div class=\"elementor-container elementor-column-gap-default\">\n\t\t\t\t\t<div class=\"elementor-column elementor-col-33 elementor-top-column elementor-element elementor-element-357b684e\" data-id=\"357b684e\" data-element_type=\"column\" data-e-type=\"column\">\n\t\t\t<div class=\"elementor-widget-wrap elementor-element-populated\">\n\t\t\t\t\t\t<div class=\"elementor-element elementor-element-3f7e3485 elementor-widget elementor-widget-heading\" data-id=\"3f7e3485\" data-element_type=\"widget\" data-e-type=\"widget\" data-widget_type=\"heading.default\">\n\t\t\t\t<div class=\"elementor-widget-container\">\n\t\t\t\t\t<h2 class=\"elementor-heading-title elementor-size-default\">Festivali<\/h2>\t\t\t\t<\/div>\n\t\t\t\t<\/div>\n\t\t\t\t<div class=\"elementor-element elementor-element-5df7f712 elementor-widget elementor-widget-text-editor\" data-id=\"5df7f712\" data-element_type=\"widget\" data-e-type=\"widget\" data-widget_type=\"text-editor.default\">\n\t\t\t\t<div class=\"elementor-widget-container\">\n\t\t\t\t\t\t\t\t\t<p><a href=\"https:\/\/www.folk-nuance.com\/%d1%81%d0%bb%d1%8a%d0%bd%d1%87%d0%b5%d0%b2-%d0%b1%d1%80%d1%8f%d0%b3\/\">\u0421\u043b\u044a\u043d\u0447\u0435\u0432 \u0431\u0440\u044f\u0433<\/a><br \/><a href=\"https:\/\/www.folk-nuance.com\/sr\/%d0%bf%d1%80%d0%b8%d0%bc%d0%be%d1%80%d1%81%d0%ba%d0%be-%d0%ba%d0%b8%d1%82%d0%b5%d0%bd\/\">\u041f\u0440\u0438\u043c\u043e\u0440\u0441\u043a\u043e \u2013 \u041a\u0438\u0442\u0435\u043d<\/a><br \/><a href=\"https:\/\/www.folk-nuance.com\/sr\/pamporovo\/\">\u041f\u0430\u043c\u043f\u043e\u0440\u043e\u0432\u043e<\/a><\/p>\n\t\t\t\t\t\t\t\t<\/div>\n\t\t\t\t<\/div>\n\t\t\t\t\t<\/div>\n\t\t<\/div>\n\t\t\t\t<div class=\"elementor-column elementor-col-33 elementor-top-column elementor-element elementor-element-24fbee44\" data-id=\"24fbee44\" data-element_type=\"column\" data-e-type=\"column\">\n\t\t\t<div class=\"elementor-widget-wrap elementor-element-populated\">\n\t\t\t\t\t\t<div class=\"elementor-element elementor-element-cfcef0f elementor-widget elementor-widget-heading\" data-id=\"cfcef0f\" data-element_type=\"widget\" data-e-type=\"widget\" data-widget_type=\"heading.default\">\n\t\t\t\t<div class=\"elementor-widget-container\">\n\t\t\t\t\t<h2 class=\"elementor-heading-title elementor-size-default\">\u0425\u043e\u0442\u0435\u043b\u0438<\/h2>\t\t\t\t<\/div>\n\t\t\t\t<\/div>\n\t\t\t\t<div class=\"elementor-element elementor-element-5333cea2 elementor-widget elementor-widget-text-editor\" data-id=\"5333cea2\" data-element_type=\"widget\" data-e-type=\"widget\" data-widget_type=\"text-editor.default\">\n\t\t\t\t<div class=\"elementor-widget-container\">\n\t\t\t\t\t\t\t\t\t<p><a href=\"https:\/\/www.folk-nuance.com\/sr\/hotel-balaton-suncev-breg\/\">\u0425\u043e\u0442\u0435\u043b \u0411\u0430\u043b\u0430\u0442\u043e\u043d \u0421\u043b\u044a\u043d\u0447\u0435\u0432 \u0431\u0440\u044f\u0433<\/a><br \/><a href=\"https:\/\/www.folk-nuance.com\/sr\/hotel-sofia-kiten\/\">\u0425\u043e\u0442\u0435\u043b \u0421\u043e\u0444\u0438\u044f \u041a\u0438\u0442\u0435\u043d<\/a><br \/><a href=\"https:\/\/www.folk-nuance.com\/hotel-koop-kiten\/\">\u0425\u043e\u0442\u0435\u043b \u041a\u041e\u041e\u041f \u041a\u0438\u0442\u0435\u043d<\/a><br \/><a href=\"https:\/\/www.folk-nuance.com\/sr\/hotel-kamenec-nesebar\/\">\u0425\u043e\u0442\u0435\u043b \u041a\u0430\u043c\u0435\u043d\u0435\u0446 \u041d\u0435\u0441\u0435\u0431\u044a\u0440<\/a><br \/><a href=\"https:\/\/www.folk-nuance.com\/sr\/hotel-kremikovci-kiten\/\">\u0425\u043e\u0442\u0435\u043b \u041a\u0440\u0435\u043c\u0438\u043a\u043e\u0432\u0446\u0438 \u041a\u0438\u0442\u0435\u043d<\/a><br \/><a href=\"https:\/\/www.folk-nuance.com\/sr\/hotel-kotva-suncev-breg\/\">\u0425\u043e\u0442\u0435\u043b \u041a\u043e\u0442\u0432\u0430 \u0421\u043b\u044a\u043d\u0447\u0435\u0432 \u0431\u0440\u044f\u0433<\/a><\/p>\n\t\t\t\t\t\t\t\t<\/div>\n\t\t\t\t<\/div>\n\t\t\t\t\t<\/div>\n\t\t<\/div>\n\t\t\t\t<div class=\"elementor-column elementor-col-33 elementor-top-column elementor-element elementor-element-52bc0f8e\" data-id=\"52bc0f8e\" data-element_type=\"column\" data-e-type=\"column\">\n\t\t\t<div class=\"elementor-widget-wrap elementor-element-populated\">\n\t\t\t\t\t\t<div class=\"elementor-element elementor-element-60290de elementor-widget elementor-widget-heading\" data-id=\"60290de\" data-element_type=\"widget\" data-e-type=\"widget\" data-widget_type=\"heading.default\">\n\t\t\t\t<div class=\"elementor-widget-container\">\n\t\t\t\t\t<h2 class=\"elementor-heading-title elementor-size-default\">Folk Nuance<\/h2>\t\t\t\t<\/div>\n\t\t\t\t<\/div>\n\t\t\t\t<div class=\"elementor-element elementor-element-585793b elementor-widget elementor-widget-text-editor\" data-id=\"585793b\" data-element_type=\"widget\" data-e-type=\"widget\" data-widget_type=\"text-editor.default\">\n\t\t\t\t<div class=\"elementor-widget-container\">\n\t\t\t\t\t\t\t\t\t<p><a href=\"https:\/\/www.folk-nuance.com\/bg\/?page_id=1103\">\u0417\u0430 \u043d\u0430\u0441<\/a><br \/><a href=\"https:\/\/www.folk-nuance.com\/sr\/scene\/\">\u0421\u0446\u0435\u043d\u0438<\/a><br \/><a href=\"https:\/\/www.folk-nuance.com\/sr\/rezervacije\/\">\u0420\u0435\u0437\u0435\u0440\u0432\u0430\u0446\u0438\u0438<\/a><br \/><a href=\"https:\/\/www.folk-nuance.com\/sr\/kontakt\/\">\u041a\u043e\u043d\u0442\u0430\u043a\u0442<\/a><\/p>\n\t\t\t\t\t\t\t\t<\/div>\n\t\t\t\t<\/div>\n\t\t\t\t\t<\/div>\n\t\t<\/div>\n\t\t\t\t\t<\/div>\n\t\t<\/section>\n\t\t\t\t<section class=\"elementor-section elementor-top-section elementor-element elementor-element-2556526 elementor-section-boxed elementor-section-height-default elementor-section-height-default\" data-id=\"2556526\" data-element_type=\"section\" data-e-type=\"section\" data-settings=\"{&quot;background_background&quot;:&quot;classic&quot;}\">\n\t\t\t\t\t\t<div class=\"elementor-container elementor-column-gap-default\">\n\t\t\t\t\t<div class=\"elementor-column elementor-col-100 elementor-top-column elementor-element elementor-element-3fe450f\" data-id=\"3fe450f\" data-element_type=\"column\" data-e-type=\"column\">\n\t\t\t<div class=\"elementor-widget-wrap elementor-element-populated\">\n\t\t\t\t\t\t<div class=\"elementor-element elementor-element-c773284 elementor-widget elementor-widget-text-editor\" data-id=\"c773284\" data-element_type=\"widget\" data-e-type=\"widget\" data-widget_type=\"text-editor.default\">\n\t\t\t\t<div class=\"elementor-widget-container\">\n\t\t\t\t\t\t\t\t\t<p><strong><a href=\"https:\/\/www.folk-nuance.com\/sr\/politika-privatnosti-i-saglasnosti-za-obradu-podataka\/\">GDPR <\/a><a href=\"https:\/\/www.folk-nuance.com\/sr\/opsti-uslovi\/\">\/ \u041e\u0431\u0449\u0438 \u0443\u0441\u043b\u043e\u0432\u0438\u044f<\/a> <\/strong><\/p>\t\t\t\t\t\t\t\t<\/div>\n\t\t\t\t<\/div>\n\t\t\t\t\t<\/div>\n\t\t<\/div>\n\t\t\t\t\t<\/div>\n\t\t<\/section>\n\t\t\t\t<\/div>\n\t\t","protected":false},"excerpt":{"rendered":"<p>Politika privatnosti i saglasnosti za obradu podataka Da bi smo obezbedili va\u0161e u\u010de\u0161c\u0301e na Folknuans festivalu i pobolj\u0161ali organizaciju, prikupili smo sledec\u0301e li\u010dne podatke: ime grupe, telefonski broj i grad u\u010desnika. Ovi podaci se prikupljaju i koriste u svr\u0161etku rezervacije i fakturisanja.\u00a0 Podaci se obra\u0111uju onlajn i dele se samo sa hotelima i drugim partnerima &hellip;<\/p>\n<p class=\"read-more\"> <a class=\"\" href=\"https:\/\/www.folk-nuance.com\/sr\/politika-privatnosti-i-saglasnosti-za-obradu-podataka\/\"> <span class=\"screen-reader-text\">Politika privatnosti i saglasnosti za obradu podataka<\/span> \u041f\u0440\u043e\u0447\u0438\u0442\u0430\u0458 \u0432\u0438\u0448\u0435 &raquo;<\/a><\/p>\n","protected":false},"author":1,"featured_media":0,"parent":0,"menu_order":0,"comment_status":"closed","ping_status":"closed","template":"","meta":{"site-sidebar-layout":"no-sidebar","site-content-layout":"page-builder","ast-site-content-layout":"full-width-container","site-content-style":"unboxed","site-sidebar-style":"unboxed","ast-global-header-display":"","ast-banner-title-visibility":"","ast-main-header-display":"","ast-hfb-above-header-display":"","ast-hfb-below-header-display":"","ast-hfb-mobile-header-display":"","site-post-title":"disabled","ast-breadcrumbs-content":"","ast-featured-img":"disabled","footer-sml-layout":"","theme-transparent-header-meta":"enabled","adv-header-id-meta":"","stick-header-meta":"","header-above-stick-meta":"","header-main-stick-meta":"","header-below-stick-meta":"","astra-migrate-meta-layouts":"set","footnotes":""},"class_list":["post-7939","page","type-page","status-publish","hentry"],"_links":{"self":[{"href":"https:\/\/www.folk-nuance.com\/sr\/wp-json\/wp\/v2\/pages\/7939"}],"collection":[{"href":"https:\/\/www.folk-nuance.com\/sr\/wp-json\/wp\/v2\/pages"}],"about":[{"href":"https:\/\/www.folk-nuance.com\/sr\/wp-json\/wp\/v2\/types\/page"}],"author":[{"embeddable":true,"href":"https:\/\/www.folk-nuance.com\/sr\/wp-json\/wp\/v2\/users\/1"}],"replies":[{"embeddable":true,"href":"https:\/\/www.folk-nuance.com\/sr\/wp-json\/wp\/v2\/comments?post=7939"}],"version-history":[{"count":8,"href":"https:\/\/www.folk-nuance.com\/sr\/wp-json\/wp\/v2\/pages\/7939\/revisions"}],"predecessor-version":[{"id":7950,"href":"https:\/\/www.folk-nuance.com\/sr\/wp-json\/wp\/v2\/pages\/7939\/revisions\/7950"}],"wp:attachment":[{"href":"https:\/\/www.folk-nuance.com\/sr\/wp-json\/wp\/v2\/media?parent=7939"}],"curies":[{"name":"wp","href":"https:\/\/api.w.org\/{rel}","templated":true}]}}